{"id":356,"date":"2022-02-14T14:51:56","date_gmt":"2022-02-14T14:51:56","guid":{"rendered":"https:\/\/sololinguere.com\/staging2\/?page_id=356"},"modified":"2026-04-02T14:00:51","modified_gmt":"2026-04-02T14:00:51","slug":"termini-e-condizioni","status":"publish","type":"page","link":"https:\/\/sololinguere.com\/staging2\/it\/termini-e-condizioni\/","title":{"rendered":"Termini e condizioni"},"content":{"rendered":"\n<p><strong>1 \u2013 Premessa<\/strong><\/br><\/br>\nLa societ\u00e0 Sololinguere.com \u00e8 titolare del marchio Sololinguere.com, che commercializza e distribuisce attraverso il sito internet www.sololinguere.com (di seguito \u201cSito\u201d), di cui \u00e8 proprietaria.<\/br><\/br>\nLe presenti condizioni generali di vendita (di seguito Condizioni Generali), disciplinano l\u2019acquisto dei prodotti della societ\u00e0\u00a0Sololinguere.com\u00a0(di seguito Prodotti), effettuato a distanza per via telematica tramite il Sito. Tali acquisti sono riservati agli utenti del Sito che intendono avvalersi dei servizi di vendita dei Prodotti (di seguito Clienti).<\/br><\/br>\nIl Cliente \u00e8 tenuto ad informarsi e a prendere visione delle presenti Condizioni Generali prima di completare l\u2019acquisto sul Sito. Tali informazioni, infatti, sono da intendersi come lette, comprese ed accettate integralmente dal Cliente nel momento dell\u2019effettuazione di un ordine d\u2019acquisto.<\/br><\/br>\nIl Cliente dovr\u00e0 pertanto attenersi a queste Condizioni Generali e ritenere\u00a0Sololinguere.com\u00a0dispensata da eventuali condizioni diverse da quelle vigenti non concordate in via preventiva per iscritto.<\/br><\/br><\/p>\n\n\n\n<p><strong>2 \u2013 Prodotti<\/strong><\/br><\/br>\nI Prodotti disponibili sul Sito per l\u2019acquisto online sono immagini stampate su carta pregiata.<\/br><\/br>\nTutti i Prodotti sono soggetti alla disponibilit\u00e0 del momento.\u00a0Sololinguere.com\u00a0si riserva il diritto di variare in qualsiasi momento i limiti alle quantit\u00e0 e\/o tipologia di merce acquistabile sul Sito.<\/br><\/br>\nIl Cliente sar\u00e0 informato qualora il suo ordine risultasse ineseguibile a causa della mancata disponibilit\u00e0 del prodotto ordinato.<\/br><\/br><\/p>\n\n\n\n<p><strong>3 \u2013 Prezzi<\/strong><\/br><\/br>\nI prezzi dei Prodotti sono espressi nel Sito in \u20ac (Euro) e sono comprensivi di IVA. Nei paesi in cui la transazione non \u00e8 soggetta ad IVA, il prezzo verr\u00e0 visualizzato al netto delle imposte. Sono inclusi i costi di consegna, salvo diversa espressa indicazione.<\/br><\/br>\nSololinguere.com\u00a0verifica costantemente che tutti i prezzi indicati sul Sito siano corretti, senza tuttavia che ci\u00f2 possa garantire l\u2019assenza di errori. Nell\u2019eventualit\u00e0 che venisse riscontrato un errore nel prezzo di un prodotto,\u00a0Sololinguere.com\u00a0dar\u00e0 al Cliente la possibilit\u00e0 di riconfermare l\u2019acquisto dei Prodotti al prezzo corretto oppure di cancellarlo.<\/br><\/br><\/p>\n\n\n\n<p><strong>4 \u2013 Promozioni<\/strong><\/br><\/br>\nSololinguere.com\u00a0si riserva la facolt\u00e0 di realizzare particolari condizioni di vendita o promozioni sui Prodotti presenti sul proprio Sito. Le condizioni applicate alle promozioni verranno disciplinate di volta in volta da\u00a0Sololinguere.com\u00a0mediante apposite comunicazioni ai propri Clienti. Per quanto non verr\u00e0 disciplinato diversamente, si riterranno applicabili le presenti Condizioni Generali.<\/br><\/br><\/p>\n\n\n\n<p><strong>5 \u2013 Registrazione\/dati<\/strong><\/br><\/br>\nPer portare a termine un acquisto sul Sito non \u00e8 necessario essere registrati. La procedura per acquistare sul Sito richiede la compilazione di un modulo in formato elettronico, i cui campi dovranno essere compilati con i dati personali del Cliente ed il suo indirizzo di posta elettronica. Tali dati saranno trattati secondo la vigente normativa di tutela della privacy.<\/br><\/br><\/p>\n\n\n\n<p><strong>6 \u2013 Modalit\u00e0 d\u2019acquisto<\/strong><\/br><\/br>\nLe caratteristiche essenziali ed i prezzi dei Prodotti sono riportati nell\u2019offerta relativa a ciascun singolo Prodotto presente sul Sito.<\/br><\/br>\nPer l\u2019acquisto dei Prodotti il Cliente dovr\u00e0 compilare e inviare a Sololinguere.com il modulo d\u2019ordine di acquisto in formato elettronico, seguendo le istruzioni contenute nel Sito. Il Cliente dovr\u00e0 mettere il prodotto nell\u2019apposito \u201cshopping cart\u201d e, dopo aver visionato e accettato le Condizioni Generali, la Privacy Policy e le condizioni sul diritto di recesso, dovr\u00e0 selezionare il tipo di pagamento desiderato e scegliere l\u2019opzione \u201cacquista\u201d.<\/br><\/br>\nGli ordini possono essere effettuati senza registrazione e creazione di un account personale del cliente, come da paragrafi precedenti, seguendo i passaggi e le istruzioni specificate nel Sito stesso.<\/br><\/br><\/p>\n\n\n\n<p><strong>7 \u2013 Modalit\u00e0 di pagamento<\/strong><\/br><\/br>\nIl Cliente potr\u00e0 effettuare il pagamento del prezzo dei Prodotti mediante carta di credito tramite i gateway di pagamento elettronico installati sul Sito.<\/br><\/br>\nSololinguere.com accetta i pagamenti effettuati con carta di credito.<\/br><\/br>\nAl fine di prevenire le frodi su Internet, il pagamento effettuato mediante il Sito viene gestito in rete dalla banca interessata attraverso gli strumenti offerti dal circuito Visa \u2013 Master Card \u2013 American Express. Questa societ\u00e0 \u00e8 responsabile della conservazione e del trattamento automatico in un ambiente protetto delle informazioni relative a ciascun ordine, ivi incluse le informazioni finanziarie. Tutte le informazioni finanziarie, come il numero di carta di credito, la data di scadenza, eccetera, sono direttamente gestite dal circuito Visa \u2013 Master Card \u2013 American Express, che garantisce la sicurezza delle transazioni online. Sololinguere.com non viene mai a conoscenza degli estremi della carta di credito e non \u00e8 quindi in grado di archiviarli o conservarli in alcun modo.<\/br><\/br>\nLa transazione sar\u00e0 addebitata sulla carta di credito del Cliente solo dopo che saranno stati verificati i dati della carta di credito, che sar\u00e0 stata ricevuta l\u2019autorizzazione di addebito da parte della societ\u00e0 emittente la carta di credito utilizzata dal Cliente, che sar\u00e0 stata confermata la disponibilit\u00e0 del Prodotto da parte di Sololinguere.com e dunque dopo che l\u2019ordine sar\u00e0 pronto ad essere evaso.<\/br><\/br><\/p>\n\n\n\n<p><strong>8 \u2013 Spedizioni e tasse<\/strong><\/br><\/br>\nSololinguere.com spedisce con la formula DDP (Delivery Duty Paid) in tutto il mondo.<\/br><\/br>\nNel caso che l\u2019indirizzo di spedizione della merce sia in un Paese facente parte della Comunit\u00e0 Europea, la merce \u00e8 soggetta ad imposizione IVA (22%); nel caso in cui l\u2019indirizzo di spedizione della merce sia in un Paese NON facente parte della Comunit\u00e0 Europea, ai sensi dell\u2019Art. 8, c. 1, lett. a) \u2013 21 \u2013 23, D.P.R. n. 633\/1972, la merce non \u00e8 soggetta ad imposizione IVA.<\/br><\/br>\nLe eventuali tasse doganali e imposte saranno calcolate ed applicate dalle autorit\u00e0 doganali competenti. Tali spese non saranno mai da ritenersi a carico di Sololinguere.com.<\/br><\/br><\/p>\n\n\n\n<p><strong>9 \u2013 Trasporto e consegna<\/strong><\/br><\/br>\nPer la consegna dei suoi acquisti, il Cliente pu\u00f2 scegliere la propria residenza o il proprio domicilio, il posto di lavoro, o l\u2019indirizzo privato di persona fisica a sua scelta. Per motivi di sicurezza non saranno effettuate consegne a caselle postali e l\u2019ordine non sar\u00e0 evaso.<\/br><\/br>\nPer ogni ordine effettuato sul Sito, Sololinguere.com emette ricevuta o fattura della merce spedita, inviandola all\u2019intestatario dell\u2019ordine, ai sensi del D.P.R. 445\/2000 e del D.Lgs. 52\/2004. Per l\u2019emissione della ricevuta o della fattura fanno fede le informazioni fornite dal Cliente all\u2019atto dell\u2019ordine. Nessuna variazione in fattura\/ricevuta sar\u00e0 possibile dopo l\u2019emissione della stessa.<\/br><\/br>\nLe spese di consegna sono a carico di Sololinguere.com, salvo diversa espressa indicazione.<\/br><\/br>\nGli acquisti verranno consegnati mediante corriere ed inviati il giorno lavorativo successivo alla data di conclusione dell\u2019ordine.<\/br><\/br>\nGli ordini saranno evasi e consegnati dal luned\u00ec al venerd\u00ec, esclusi festivi e feste nazionali. Sololinguere.com non \u00e8 responsabile per ritardi non prevedibili, fermo restando che, salvo i casi di forza maggiore, i Prodotti saranno consegnati entro un termine massimo di 15 (quindici) giorni lavorativi a decorrere dal giorno successivo a quello in cui il Cliente ha trasmesso l\u2019ordine a Sololinguere.com.<\/br><\/br>\nPer la consegna della merce \u00e8 necessaria la presenza del Cliente o di un suo incaricato all\u2019indirizzo del destinatario indicato nell\u2019ordine. Al momento della consegna della merce da parte del Corriere, il Cliente \u00e8 tenuto a controllare che l\u2019imballo risulti integro, non danneggiato, n\u00e9 bagnato o comunque alterato, anche nei materiali di chiusura. Eventuali danni all\u2019imballo e\/o al prodotto o la mancata corrispondenza del numero dei colli o delle indicazioni devono essere immediatamente contestati, apponendo una riserva di controllo scritta sulla prova di consegna del Corriere. Una volta firmato il documento del Corriere, il Cliente non potr\u00e0 opporre alcuna contestazione circa le caratteristiche esteriori di quanto consegnato.<\/br><\/br>\nQualora non sia in grado di consegnare la merce ordinata a seguito della sopravvenuta indisponibilit\u00e0, anche temporanea, dei Prodotti, Sololinguere.com ne dar\u00e0 tempestivamente comunicazione al Cliente, e comunque non oltre i 15 (quindici) giorni, tramite posta elettronica. L\u2019importo gi\u00e0 pagato dal Cliente sar\u00e0 rimborsato il pi\u00f9 presto possibile, e comunque non oltre 30 (trenta) giorni dalla ricezione dell\u2019ordine di acquisto.<\/br><\/br><\/p>\n\n\n\n<p><strong>10 \u2013 Numero di spedizione<\/strong><\/br><\/br>\nSololinguere.com invier\u00e0 al Cliente una e-mail di conferma una volta spediti i Prodotti.<\/br><\/br>\nAl fine di garantire la sicurezza della consegna del Prodotto, Sololinguere.com conserver\u00e0 il numero di spedizione di ciascuna consegna effettuata.<\/br><\/br><\/p>\n\n\n\n<p><strong>11 \u2013 Resi, cancellazione degli ordini e diritto di recesso<\/strong><\/br><\/br>\nSololinguere.com intende garantire la completa soddisfazione del Cliente.<\/br><\/br>\nSololinguere.com rimborser\u00e0 il costo dei Prodotti che siano restituiti dal Cliente non usati e non danneggiati, nonch\u00e9 accompagnati dalla relativa fattura\/ricevuta. I costi sostenuti da\u00a0Sololinguere.com\u00a0per eventuale sdoganamento della merce resa, verranno stornati dall\u2019importo del rimborso.<\/br><\/br>\nI rimborsi verranno effettuati con la medesima modalit\u00e0 di pagamento prevista per l\u2019acquisto.<\/br><\/br>\nLa merce acquistata potr\u00e0 essere restituita entro massimo 15 (quindici) giorni dalla data di consegna. I costi di consegna non sono rimborsabili.<\/br><\/br>\nLe spese di consegna per la restituzione dei Prodotti sono a carico del Cliente; qualsiasi costo sostenuto dal Cliente per la riconsegna non sar\u00e0 rimborsabile.<\/br><\/br>\nSololinguere.com si riserva il diritto di rifiutare la restituzione di quei Prodotti che non risultino conformi ai requisiti di cui al precedente paragrafo.<\/br><\/br>\nSololinguere.com si impegner\u00e0 a rimborsare tempestivamente il Cliente entro e non oltre 30 giorni dalla data di ricevimento dell\u2019ordine scritto di cancellazione e restituzione del prodotto. Sololinguere.com invier\u00e0 una e-mail di notifica una volta effettuato il rimborso.<\/br><\/br>\nSi raccomanda di spedire i Prodotti da restituire usando un corriere assicurato ai fini di rintracciare la spedizione. Sololinguere.com non sar\u00e0 responsabile per il rimborso o risarcimento per quei prodotti rispediti che siano andati perduti, che siano stati rubati o danneggiati. Ai sensi dell\u2019Art. 64 del D. Lgs. n. 206\/2005, il Cliente ha diritto di recedere dal contratto senza alcuna penalit\u00e0 e senza specificarne il motivo entro il termine di 15 (quindici) giorni lavorativi che decorrono dalla data di ricevimento dei Prodotti, fatto salvo quanto previsto nei successivi paragrafi. Per esercitare il diritto di recesso, il Cliente dovr\u00e0 inviare al seguente indirizzo di posta elettronica info@sololinguere.com, una comunicazione scritta contenente:<br><\/br>\n\u2013 la manifestazione di volont\u00e0 di avvalersi del diritto di recesso ai sensi dell\u2019art. 64 del D. Lgs. 206\/2005;<br>\n\u2013 l\u2019indicazione dei Prodotti per i quali il Cliente vuole avvalersi del diritto di recesso;<br>\n\u2013 il numero progressivo d\u2019ordine rilasciato al momento dell\u2019acquisto.<\/br><\/br>\nLa comunicazione pu\u00f2 essere inviata sempre entro il suddetto termine di 15 (quindici) giorni lavorativi anche mediante telegramma, telex, fax a condizione che sia confermata mediante lettera raccomandata con avviso di ricevimento entro le successive 48 ore.<\/br><\/br>\nQualora il Cliente desideri modificare o cancellare l\u2019ordine presentato, dovr\u00e0 inviare una e-mail all\u2019indirizzo info@sololinguere.com, entro 24 ore da quando \u00e8 stato effettuato.<\/br><\/br>\nSololinguere.com far\u00e0 tutto il possibile per soddisfare la richiesta del Cliente. Tuttavia una volta che il Prodotto sar\u00e0 stato spedito, l\u2019ordine non potr\u00e0 essere cancellato o modificato sino al momento in cui la merce spedita sia stata restituita a Sololinguere.com.<\/br><\/br><\/p>\n\n\n\n<p><strong>12 \u2013 Responsabilit\u00e0 per difetti<\/strong><\/br><\/br>\nLaddove il Cliente ritenga che il Prodotto non sia conforme al Contratto o sia affetto da vizi, dovr\u00e0 darne pronta comunicazione inviando una mail a Sololinguere.com, specificando il Prodotto oggetto di contestazione ed i vizi o le difformit\u00e0 riscontrate. Il Prodotto contestato dovr\u00e0 essere restituito a\u00a0Sololinguere.com\u00a0unitamente a copia cartacea della mail inviata per la contestazione.<\/br><\/br>\nSololinguere.com esaminer\u00e0 il Prodotto contestato e comunicher\u00e0 via e-mail al Cliente se ha diritto o meno al rimborso del prezzo o alla sostituzione del Prodotto. L\u2019eventuale rimborso coprir\u00e0 il prezzo di acquisto pagato dal Cliente e le eventuali spese di restituzione a Sololinguere.com. Il rimborso o la sostituzione avverranno entro 30 (trenta) giorni dall\u2019avviso via email con il quale Sololinguere.com comunica all\u2019Utente che ha diritto al rimborso o alla sostituzione del Prodotto.<\/br><\/br>\nSololinguere.com non \u00e8 responsabile per difetti dei Prodotti che siano stati causati dalla consegna effettuata da terzi.<\/br><\/br>\nSololinguere.com non \u00e8 responsabile per danni conseguenti ad uso improprio del Prodotto, alterazione dello stesso, normale usura oppure negligenza nella cura del Prodotto stesso.<\/br><\/br><\/p>\n\n\n\n<p><strong>13 \u2013 Errori e inesattezze<\/strong><\/br><\/br>\nSololinguere.com si pone come obiettivo di fornire sul Sito informazioni costantemente aggiornate.<\/br><\/br>\nNon \u00e8 tuttavia possibile garantire che il Sito sia completamente privo di eventuali errori. Il Sito potrebbe contenere errori di digitazione, errori, inesattezze od omissioni, alcune delle quali potrebbero riferirsi al prezzo ed alla disponibilit\u00e0 del Prodotto ed alla scheda informativa del Prodotto stesso.<\/br><\/br>\nSololinguere.com si riserva il diritto di correggere gli errori, le inesattezze o le omissioni anche dopo che sia stato inviato un ordine ed altres\u00ec si riserva di cambiare od aggiornare le informazioni in qualsiasi momento senza preventiva comunicazione.<\/br><\/br><\/p>\n\n\n\n<p><strong>14 \u2013 Garanzia di autenticit\u00e0<\/strong><\/br><\/br>\nSololinguere.com garantisce l\u2019autenticit\u00e0 di tutti i Prodotti acquistati sul Sito. Tutti i diritti di propriet\u00e0 intellettuale quali marchi, marchi di servizio, marchi di forma e copyright sono di esclusiva propriet\u00e0 di Sololinguere.com. Nessuna pagina o contenuto del presente Sito potr\u00e0 essere riprodotto senza preventiva ed espressa autorizzazione scritta.<\/br><\/br>\nTutti i contenuti pubblicati nel sito www.sololinguere.com compresi testi, documenti, loghi, immagini, grafica, video, la loro disposizione e i loro adattamenti sono soggetti alle leggi sulla propriet\u00e0 intellettuale e protetti da copyright. Non \u00e8 consentito copiare, alterare, tradurre, distribuire, utilizzare, archiviare, pubblicare su altri siti questi contenuti senza preventiva autorizzazione scritta di Sololinguere.com. Eventuali contenuti e contributi apportati da parte di terzi sono contrassegnati come tali.<\/br><\/br>\nIl download, la visualizzazione e la stampa dei contenuti di questo sito web \u00e8 consentita soltanto per uso personale ed esclude che l\u2019utente possa vantare alcun diritto o rivendicazione su tale materiale.<\/br><\/br>\nIl marchio Sololinguere.com \u00e8 un marchio di propriet\u00e0 Sololinguere.com. Sololinguere.com si avvale del marchio Sololinguere.com come ID aziendale con cui si presenta al mercato.<\/br><\/br><\/p>\n\n\n\n<p><strong>15 \u2013 Modifica delle condizioni generali<\/strong><\/br><\/br>\nLe presenti Condizioni Generali sono regolate dalla legge Italiana, incluso il Codice del Consumo e la legge sull\u2019E-Commerce di cui al Decreto Legislativo 9 aprile 2003, n. 70.<\/br><\/br>\nSololinguere.com si riserva il diritto di modificare le presenti Condizioni Generali di vendita in qualunque momento. Eventuali cambiamenti, modifiche, cancellazioni o aggiunte avranno effetto immediatamente dopo l\u2019avvenuta comunicazione delle stesse tramite note pubblicate sul Sito. Una volta data la comunicazione qualunque accesso ed utilizzo dei servizi di Sololinguere.com da parte del Cliente \u00e8 da intendersi come completa accettazione dei cambiamenti avvenuti.<\/br><\/br>\nNell\u2019eventualit\u00e0 che insorgano controversie concernenti l\u2019interpretazione e l\u2019esecuzione delle presenti condizioni generali di vendita tra Sololinguere.com ed i Clienti, tali controversie sono demandate all\u2019esclusiva competenza del giudice del luogo di residenza o di domicilio del consumatore.<\/br><\/br><\/p>\n\n\n\n<p><strong>16 \u2013 Contatti<\/strong><\/br><\/br>\nPer ulteriori informazioni ed assistenza sul Sito o sulle modalit\u00e0 di acquisto online vi preghiamo di volerci contattare al seguente indirizzo e-mail: info@sololinguere.com.<\/p>\n","protected":false},"excerpt":{"rendered":"<p>1 \u2013 Premessa La societ\u00e0 Sololinguere.com \u00e8 titolare del marchio Sololinguere.com, che commercializza e distribuisce attraverso il sito internet www.sololinguere.com [&hellip;]<\/p>\n","protected":false},"author":384,"featured_media":0,"parent":0,"menu_order":0,"comment_status":"closed","ping_status":"closed","template":"","meta":{"_acf_changed":false,"site-sidebar-layout":"no-sidebar","site-content-layout":"","ast-site-content-layout":"default","site-content-style":"default","site-sidebar-style":"default","ast-global-header-display":"","ast-banner-title-visibility":"","ast-main-header-display":"","ast-hfb-above-header-display":"","ast-hfb-below-header-display":"","ast-hfb-mobile-header-display":"","site-post-title":"","ast-breadcrumbs-content":"","ast-featured-img":"","footer-sml-layout":"","ast-disable-related-posts":"","theme-transparent-header-meta":"","adv-header-id-meta":"","stick-header-meta":"","header-above-stick-meta":"","header-main-stick-meta":"","header-below-stick-meta":"","astra-migrate-meta-layouts":"set","ast-page-background-enabled":"default","ast-page-background-meta":{"desktop":{"background-color":"var(--ast-global-color-4)","background-image":"","background-repeat":"repeat","background-position":"center center","background-size":"auto","background-attachment":"scroll","background-type":"","background-media":"","overlay-type":"","overlay-color":"","overlay-opacity":"","overlay-gradient":""},"tablet":{"background-color":"","background-image":"","background-repeat":"repeat","background-position":"center center","background-size":"auto","background-attachment":"scroll","background-type":"","background-media":"","overlay-type":"","overlay-color":"","overlay-opacity":"","overlay-gradient":""},"mobile":{"background-color":"","background-image":"","background-repeat":"repeat","background-position":"center center","background-size":"auto","background-attachment":"scroll","background-type":"","background-media":"","overlay-type":"","overlay-color":"","overlay-opacity":"","overlay-gradient":""}},"ast-content-background-meta":{"desktop":{"background-color":"var(--ast-global-color-5)","background-image":"","background-repeat":"repeat","background-position":"center center","background-size":"auto","background-attachment":"scroll","background-type":"","background-media":"","overlay-type":"","overlay-color":"","overlay-opacity":"","overlay-gradient":""},"tablet":{"background-color":"var(--ast-global-color-5)","background-image":"","background-repeat":"repeat","background-position":"center center","background-size":"auto","background-attachment":"scroll","background-type":"","background-media":"","overlay-type":"","overlay-color":"","overlay-opacity":"","overlay-gradient":""},"mobile":{"background-color":"var(--ast-global-color-5)","background-image":"","background-repeat":"repeat","background-position":"center center","background-size":"auto","background-attachment":"scroll","background-type":"","background-media":"","overlay-type":"","overlay-color":"","overlay-opacity":"","overlay-gradient":""}},"footnotes":""},"class_list":["post-356","page","type-page","status-publish","hentry"],"acf":[],"_links":{"self":[{"href":"https:\/\/sololinguere.com\/staging2\/wp-json\/wp\/v2\/pages\/356","targetHints":{"allow":["GET"]}}],"collection":[{"href":"https:\/\/sololinguere.com\/staging2\/wp-json\/wp\/v2\/pages"}],"about":[{"href":"https:\/\/sololinguere.com\/staging2\/wp-json\/wp\/v2\/types\/page"}],"author":[{"embeddable":true,"href":"https:\/\/sololinguere.com\/staging2\/wp-json\/wp\/v2\/users\/384"}],"replies":[{"embeddable":true,"href":"https:\/\/sololinguere.com\/staging2\/wp-json\/wp\/v2\/comments?post=356"}],"version-history":[{"count":0,"href":"https:\/\/sololinguere.com\/staging2\/wp-json\/wp\/v2\/pages\/356\/revisions"}],"wp:attachment":[{"href":"https:\/\/sololinguere.com\/staging2\/wp-json\/wp\/v2\/media?parent=356"}],"curies":[{"name":"wp","href":"https:\/\/api.w.org\/{rel}","templated":true}]}}